{"id":57,"date":"2019-01-31T17:45:08","date_gmt":"2019-01-31T16:45:08","guid":{"rendered":"http:\/\/dorianflayol.fr\/?page_id=57"},"modified":"2025-03-16T10:22:20","modified_gmt":"2025-03-16T09:22:20","slug":"a-propos","status":"publish","type":"page","link":"https:\/\/dorianflayol.fr\/?page_id=57","title":{"rendered":"Bio"},"content":{"rendered":"<div class=\"wp-block-image\">\n<figure class=\"aligncenter size-large\"><img loading=\"lazy\" decoding=\"async\" width=\"768\" height=\"1024\" src=\"http:\/\/dorianflayol.fr\/wp-content\/uploads\/2022\/12\/DC29FAC5-CDA6-4FE5-BB66-1E0702F760CA-768x1024.jpeg\" alt=\"\" class=\"wp-image-515\" srcset=\"https:\/\/dorianflayol.fr\/wp-content\/uploads\/2022\/12\/DC29FAC5-CDA6-4FE5-BB66-1E0702F760CA-768x1024.jpeg 768w, https:\/\/dorianflayol.fr\/wp-content\/uploads\/2022\/12\/DC29FAC5-CDA6-4FE5-BB66-1E0702F760CA-225x300.jpeg 225w, https:\/\/dorianflayol.fr\/wp-content\/uploads\/2022\/12\/DC29FAC5-CDA6-4FE5-BB66-1E0702F760CA-1152x1536.jpeg 1152w, https:\/\/dorianflayol.fr\/wp-content\/uploads\/2022\/12\/DC29FAC5-CDA6-4FE5-BB66-1E0702F760CA-1536x2048.jpeg 1536w, https:\/\/dorianflayol.fr\/wp-content\/uploads\/2022\/12\/DC29FAC5-CDA6-4FE5-BB66-1E0702F760CA-720x960.jpeg 720w, https:\/\/dorianflayol.fr\/wp-content\/uploads\/2022\/12\/DC29FAC5-CDA6-4FE5-BB66-1E0702F760CA-820x1093.jpeg 820w, https:\/\/dorianflayol.fr\/wp-content\/uploads\/2022\/12\/DC29FAC5-CDA6-4FE5-BB66-1E0702F760CA-scaled.jpeg 1921w\" sizes=\"auto, (max-width: 768px) 100vw, 768px\" \/><figcaption class=\"wp-element-caption\"><br><\/figcaption><\/figure>\n<\/div>\n\n\n<p class=\"has-text-align-center\"><strong data-rich-text-format-boundary=\"true\">QUI SUIS-JE ?<\/strong><\/p>\n\n\n\n<p class=\"has-text-align-center\">Mon nom est Dorian Flayol, je suis designer produit en r\u00e9gion Lyonnaise, dipl\u00f4m\u00e9 d&rsquo;une licence en Arts Appliqu\u00e9s et d&rsquo;un Master en Design Global Recherche et Innovation sp\u00e9cialisation Design Produit.<\/p>\n\n\n\n<p class=\"has-text-align-center\">Avec 10 ans d&rsquo;exp\u00e9rience dans le secteur du luminaire, j\u2019ai pu aborder la cr\u00e9ation \u00e0 la fois du c\u00f4t\u00e9 de l\u2019artistique et du c\u00f4t\u00e9 de la technique.<\/p>\n\n\n\n<p><\/p>\n\n\n\n<p class=\"has-text-align-center\">Mon travail repose sur un \u00e9merveillement permanent des choses qui m&rsquo;entoure, trouvant de la beaut\u00e9 parmi la banalit\u00e9, de la singularit\u00e9 parmi le standardis\u00e9, de l&rsquo;unique parmi l&rsquo;ordinaire. <br data-rich-text-line-break=\"true\">Passionn\u00e9 par la relation que l\u2019humain entretien avec son environnement, l\u2019\u00e9l\u00e9ment naturel est pour moi une grande source d\u2019inspiration.<\/p>\n\n\n\n<p class=\"has-text-align-center\"><strong data-rich-text-format-boundary=\"true\">QUELLE EST LA PLACE DU DESIGNER AUJOURD&rsquo;HUI ?<\/strong><\/p>\n\n\n\n<p class=\"has-text-align-center\">Le r\u00f4le du designer produit est aujourd\u2019hui de concevoir le monde de demain. Travailler sur un produit revient \u00e0 travailler sur l\u2019humain. La relation \u00e9troite qui lie l\u2019objet \u00e0 l\u2019usager passe par des notions de fonctionnalit\u00e9 et de sensibilit\u00e9.<\/p>\n\n\n\n<p class=\"has-text-align-center\">Tout designer prend en compte et conceptualise l\u2019\u00e9volution des modes de vie, les nouvelles tendances mais aussi l\u2019\u00e9volution des proc\u00e9d\u00e9s industriels et autres avanc\u00e9es technologiques. \u00c0 la fois sociologue, et technicien, le designer met \u00e0 profit sa cr\u00e9ativit\u00e9 au service de l\u2019innovation<\/p>\n\n\n\n<p><\/p>\n\n\n\n<p class=\"has-text-align-center\"><\/p>\n","protected":false},"excerpt":{"rendered":"<p>QUI SUIS-JE ? Mon nom est Dorian Flayol, je suis designer produit en r\u00e9gion Lyonnaise, [&hellip;]<\/p>\n","protected":false},"author":1,"featured_media":0,"parent":0,"menu_order":0,"comment_status":"closed","ping_status":"closed","template":"","meta":{"footnotes":""},"class_list":["post-57","page","type-page","status-publish","hentry","clearfix"],"yoast_head":"<!-- This site is optimized with the Yoast SEO plugin v27.4 - https:\/\/yoast.com\/product\/yoast-seo-wordpress\/ -->\n<title>Bio -<\/title>\n<meta name=\"robots\" content=\"index, follow, max-snippet:-1, max-image-preview:large, max-video-preview:-1\" \/>\n<link rel=\"canonical\" href=\"https:\/\/dorianflayol.fr\/?page_id=57\" \/>\n<meta property=\"og:locale\" content=\"fr_FR\" \/>\n<meta property=\"og:type\" content=\"article\" \/>\n<meta property=\"og:title\" content=\"Bio -\" \/>\n<meta property=\"og:description\" content=\"QUI SUIS-JE ? Mon nom est Dorian Flayol, je suis designer produit en r\u00e9gion Lyonnaise, [&hellip;]\" \/>\n<meta property=\"og:url\" content=\"https:\/\/dorianflayol.fr\/?page_id=57\" \/>\n<meta property=\"article:modified_time\" content=\"2025-03-16T09:22:20+00:00\" \/>\n<meta property=\"og:image\" content=\"http:\/\/dorianflayol.fr\/wp-content\/uploads\/2022\/12\/DC29FAC5-CDA6-4FE5-BB66-1E0702F760CA-768x1024.jpeg\" \/>\n<meta name=\"twitter:card\" content=\"summary_large_image\" \/>\n<meta name=\"twitter:label1\" content=\"Dur\u00e9e de lecture estim\u00e9e\" \/>\n\t<meta name=\"twitter:data1\" content=\"2 minutes\" \/>\n<script type=\"application\/ld+json\" class=\"yoast-schema-graph\">{\"@context\":\"https:\\\/\\\/schema.org\",\"@graph\":[{\"@type\":\"WebPage\",\"@id\":\"https:\\\/\\\/dorianflayol.fr\\\/?page_id=57\",\"url\":\"https:\\\/\\\/dorianflayol.fr\\\/?page_id=57\",\"name\":\"Bio -\",\"isPartOf\":{\"@id\":\"http:\\\/\\\/dorianflayol.fr\\\/#website\"},\"primaryImageOfPage\":{\"@id\":\"https:\\\/\\\/dorianflayol.fr\\\/?page_id=57#primaryimage\"},\"image\":{\"@id\":\"https:\\\/\\\/dorianflayol.fr\\\/?page_id=57#primaryimage\"},\"thumbnailUrl\":\"http:\\\/\\\/dorianflayol.fr\\\/wp-content\\\/uploads\\\/2022\\\/12\\\/DC29FAC5-CDA6-4FE5-BB66-1E0702F760CA-768x1024.jpeg\",\"datePublished\":\"2019-01-31T16:45:08+00:00\",\"dateModified\":\"2025-03-16T09:22:20+00:00\",\"breadcrumb\":{\"@id\":\"https:\\\/\\\/dorianflayol.fr\\\/?page_id=57#breadcrumb\"},\"inLanguage\":\"fr-FR\",\"potentialAction\":[{\"@type\":\"ReadAction\",\"target\":[\"https:\\\/\\\/dorianflayol.fr\\\/?page_id=57\"]}]},{\"@type\":\"ImageObject\",\"inLanguage\":\"fr-FR\",\"@id\":\"https:\\\/\\\/dorianflayol.fr\\\/?page_id=57#primaryimage\",\"url\":\"https:\\\/\\\/dorianflayol.fr\\\/wp-content\\\/uploads\\\/2022\\\/12\\\/DC29FAC5-CDA6-4FE5-BB66-1E0702F760CA-scaled.jpeg\",\"contentUrl\":\"https:\\\/\\\/dorianflayol.fr\\\/wp-content\\\/uploads\\\/2022\\\/12\\\/DC29FAC5-CDA6-4FE5-BB66-1E0702F760CA-scaled.jpeg\",\"width\":1921,\"height\":2560},{\"@type\":\"BreadcrumbList\",\"@id\":\"https:\\\/\\\/dorianflayol.fr\\\/?page_id=57#breadcrumb\",\"itemListElement\":[{\"@type\":\"ListItem\",\"position\":1,\"name\":\"Accueil\",\"item\":\"http:\\\/\\\/dorianflayol.fr\\\/\"},{\"@type\":\"ListItem\",\"position\":2,\"name\":\"Bio\"}]},{\"@type\":\"WebSite\",\"@id\":\"http:\\\/\\\/dorianflayol.fr\\\/#website\",\"url\":\"http:\\\/\\\/dorianflayol.fr\\\/\",\"name\":\"\",\"description\":\"\",\"potentialAction\":[{\"@type\":\"SearchAction\",\"target\":{\"@type\":\"EntryPoint\",\"urlTemplate\":\"http:\\\/\\\/dorianflayol.fr\\\/?s={search_term_string}\"},\"query-input\":{\"@type\":\"PropertyValueSpecification\",\"valueRequired\":true,\"valueName\":\"search_term_string\"}}],\"inLanguage\":\"fr-FR\"}]}<\/script>\n<!-- \/ Yoast SEO plugin. -->","yoast_head_json":{"title":"Bio -","robots":{"index":"index","follow":"follow","max-snippet":"max-snippet:-1","max-image-preview":"max-image-preview:large","max-video-preview":"max-video-preview:-1"},"canonical":"https:\/\/dorianflayol.fr\/?page_id=57","og_locale":"fr_FR","og_type":"article","og_title":"Bio -","og_description":"QUI SUIS-JE ? Mon nom est Dorian Flayol, je suis designer produit en r\u00e9gion Lyonnaise, [&hellip;]","og_url":"https:\/\/dorianflayol.fr\/?page_id=57","article_modified_time":"2025-03-16T09:22:20+00:00","og_image":[{"url":"http:\/\/dorianflayol.fr\/wp-content\/uploads\/2022\/12\/DC29FAC5-CDA6-4FE5-BB66-1E0702F760CA-768x1024.jpeg","type":"","width":"","height":""}],"twitter_card":"summary_large_image","twitter_misc":{"Dur\u00e9e de lecture estim\u00e9e":"2 minutes"},"schema":{"@context":"https:\/\/schema.org","@graph":[{"@type":"WebPage","@id":"https:\/\/dorianflayol.fr\/?page_id=57","url":"https:\/\/dorianflayol.fr\/?page_id=57","name":"Bio -","isPartOf":{"@id":"http:\/\/dorianflayol.fr\/#website"},"primaryImageOfPage":{"@id":"https:\/\/dorianflayol.fr\/?page_id=57#primaryimage"},"image":{"@id":"https:\/\/dorianflayol.fr\/?page_id=57#primaryimage"},"thumbnailUrl":"http:\/\/dorianflayol.fr\/wp-content\/uploads\/2022\/12\/DC29FAC5-CDA6-4FE5-BB66-1E0702F760CA-768x1024.jpeg","datePublished":"2019-01-31T16:45:08+00:00","dateModified":"2025-03-16T09:22:20+00:00","breadcrumb":{"@id":"https:\/\/dorianflayol.fr\/?page_id=57#breadcrumb"},"inLanguage":"fr-FR","potentialAction":[{"@type":"ReadAction","target":["https:\/\/dorianflayol.fr\/?page_id=57"]}]},{"@type":"ImageObject","inLanguage":"fr-FR","@id":"https:\/\/dorianflayol.fr\/?page_id=57#primaryimage","url":"https:\/\/dorianflayol.fr\/wp-content\/uploads\/2022\/12\/DC29FAC5-CDA6-4FE5-BB66-1E0702F760CA-scaled.jpeg","contentUrl":"https:\/\/dorianflayol.fr\/wp-content\/uploads\/2022\/12\/DC29FAC5-CDA6-4FE5-BB66-1E0702F760CA-scaled.jpeg","width":1921,"height":2560},{"@type":"BreadcrumbList","@id":"https:\/\/dorianflayol.fr\/?page_id=57#breadcrumb","itemListElement":[{"@type":"ListItem","position":1,"name":"Accueil","item":"http:\/\/dorianflayol.fr\/"},{"@type":"ListItem","position":2,"name":"Bio"}]},{"@type":"WebSite","@id":"http:\/\/dorianflayol.fr\/#website","url":"http:\/\/dorianflayol.fr\/","name":"","description":"","potentialAction":[{"@type":"SearchAction","target":{"@type":"EntryPoint","urlTemplate":"http:\/\/dorianflayol.fr\/?s={search_term_string}"},"query-input":{"@type":"PropertyValueSpecification","valueRequired":true,"valueName":"search_term_string"}}],"inLanguage":"fr-FR"}]}},"_links":{"self":[{"href":"https:\/\/dorianflayol.fr\/index.php?rest_route=\/wp\/v2\/pages\/57","targetHints":{"allow":["GET"]}}],"collection":[{"href":"https:\/\/dorianflayol.fr\/index.php?rest_route=\/wp\/v2\/pages"}],"about":[{"href":"https:\/\/dorianflayol.fr\/index.php?rest_route=\/wp\/v2\/types\/page"}],"author":[{"embeddable":true,"href":"https:\/\/dorianflayol.fr\/index.php?rest_route=\/wp\/v2\/users\/1"}],"replies":[{"embeddable":true,"href":"https:\/\/dorianflayol.fr\/index.php?rest_route=%2Fwp%2Fv2%2Fcomments&post=57"}],"version-history":[{"count":23,"href":"https:\/\/dorianflayol.fr\/index.php?rest_route=\/wp\/v2\/pages\/57\/revisions"}],"predecessor-version":[{"id":604,"href":"https:\/\/dorianflayol.fr\/index.php?rest_route=\/wp\/v2\/pages\/57\/revisions\/604"}],"wp:attachment":[{"href":"https:\/\/dorianflayol.fr\/index.php?rest_route=%2Fwp%2Fv2%2Fmedia&parent=57"}],"curies":[{"name":"wp","href":"https:\/\/api.w.org\/{rel}","templated":true}]}}